{"id":827,"date":"2024-11-08T10:10:58","date_gmt":"2024-11-08T15:10:58","guid":{"rendered":"http:\/\/web.emmapep.gob.ec\/sitioweb\/?page_id=827"},"modified":"2025-02-25T11:13:38","modified_gmt":"2025-02-25T16:13:38","slug":"noviembre-2024","status":"publish","type":"page","link":"http:\/\/web.emmapep.gob.ec\/sitioweb\/noviembre-2024\/","title":{"rendered":"NOVIEMBRE 2024"},"content":{"rendered":"\n<p><strong>Art\u00edculo 19<\/strong><\/p>\n\n\n\n<details class=\"wp-block-details is-layout-flow wp-block-details-is-layout-flow\"><summary>1.1 Estructura org\u00e1nica<\/summary>\n<p>Conjunto de datos<\/p>\n\n\n\n<p>Metadatos<\/p>\n\n\n\n<p>Diccionario de datos<\/p>\n<\/details>\n\n\n\n<details class=\"wp-block-details is-layout-flow wp-block-details-is-layout-flow\"><summary>1.2-1.3 Base Legal Regulaciones Procedimientos Internos<\/summary>\n<p><\/p>\n<\/details>\n\n\n\n<details class=\"wp-block-details is-layout-flow wp-block-details-is-layout-flow\"><summary>1.4 Metas y objetivos unidades<\/summary>\n<p><\/p>\n<\/details>\n\n\n\n<details class=\"wp-block-details is-layout-flow wp-block-details-is-layout-flow\"><summary>2.1-2.2 Directorio y distributivo personal de la entidad<\/summary>\n<p><\/p>\n<\/details>\n\n\n\n<details class=\"wp-block-details is-layout-flow wp-block-details-is-layout-flow\"><summary>3. Remuneraciones ingresos adicionales<\/summary>\n<p><\/p>\n<\/details>\n\n\n\n<details class=\"wp-block-details is-layout-flow wp-block-details-is-layout-flow\"><summary>4. Detalle licencia comisiones<\/summary>\n<p><\/p>\n<\/details>\n\n\n\n<details class=\"wp-block-details is-layout-flow wp-block-details-is-layout-flow\"><summary>5-22 Servicios -formularios-formatos-tr\u00e1mites<\/summary>\n<p><\/p>\n<\/details>\n\n\n\n<details class=\"wp-block-details is-layout-flow wp-block-details-is-layout-flow\"><summary>6. Presupuesto de la instituci\u00f3n<\/summary>\n<p><\/p>\n\n\n\n<div class=\"wp-block-file\"><a id=\"wp-block-file--media-b9cd0288-1df1-493e-92e1-3b3c6a6aafe5\" href=\"http:\/\/web.emmapep.gob.ec\/sitioweb\/wp-content\/uploads\/2025\/02\/CONJUNTO-DE-DATOS-2.csv\">CONJUNTO DE DATOS<\/a><a href=\"http:\/\/web.emmapep.gob.ec\/sitioweb\/wp-content\/uploads\/2025\/02\/CONJUNTO-DE-DATOS-2.csv\" class=\"wp-block-file__button wp-element-button\" download aria-describedby=\"wp-block-file--media-b9cd0288-1df1-493e-92e1-3b3c6a6aafe5\">Descarga<\/a><\/div>\n\n\n\n<div class=\"wp-block-file\"><a id=\"wp-block-file--media-4b2e2e1c-2233-413b-b578-45fe40b46d59\" href=\"http:\/\/web.emmapep.gob.ec\/sitioweb\/wp-content\/uploads\/2025\/02\/METADATOS-9.csv\">METADATOS<\/a><a href=\"http:\/\/web.emmapep.gob.ec\/sitioweb\/wp-content\/uploads\/2025\/02\/METADATOS-9.csv\" class=\"wp-block-file__button wp-element-button\" download aria-describedby=\"wp-block-file--media-4b2e2e1c-2233-413b-b578-45fe40b46d59\">Descarga<\/a><\/div>\n\n\n\n<div class=\"wp-block-file\"><a id=\"wp-block-file--media-9e345982-eb0e-43e2-8ab5-80c49c93180a\" href=\"http:\/\/web.emmapep.gob.ec\/sitioweb\/wp-content\/uploads\/2025\/02\/DICCIONARIO-4.csv\">DICCIONARIO<\/a><a href=\"http:\/\/web.emmapep.gob.ec\/sitioweb\/wp-content\/uploads\/2025\/02\/DICCIONARIO-4.csv\" class=\"wp-block-file__button wp-element-button\" download aria-describedby=\"wp-block-file--media-9e345982-eb0e-43e2-8ab5-80c49c93180a\">Descarga<\/a><\/div>\n<\/details>\n\n\n\n<details class=\"wp-block-details is-layout-flow wp-block-details-is-layout-flow\"><summary>7. Resultados de las auditor\u00edas internas y gubernamentales<\/summary>\n<div class=\"wp-block-file\"><a id=\"wp-block-file--media-6a3c73bd-7b21-4962-b227-f0f8b85dc562\" href=\"http:\/\/web.emmapep.gob.ec\/sitioweb\/wp-content\/uploads\/2024\/12\/METADATOS-7.csv\" target=\"_blank\" rel=\"noreferrer noopener\">METADATOS-7<\/a><\/div>\n\n\n\n<div class=\"wp-block-file\"><a id=\"wp-block-file--media-261fcb98-1e84-4d18-9513-4f0c8c2de6c0\" href=\"http:\/\/web.emmapep.gob.ec\/sitioweb\/wp-content\/uploads\/2024\/12\/DICCIONARIO-7.csv\" target=\"_blank\" rel=\"noreferrer noopener\">DICCIONARIO-7<\/a><\/div>\n\n\n\n<div class=\"wp-block-file\"><a id=\"wp-block-file--media-e7a58167-b44b-4de6-ac71-3a1d047fe618\" href=\"http:\/\/web.emmapep.gob.ec\/sitioweb\/wp-content\/uploads\/2024\/12\/CONJUNTO-DE-DATOS-7.csv\" target=\"_blank\" rel=\"noreferrer noopener\">CONJUNTO-DE-DATOS-7<\/a><\/div>\n<\/details>\n\n\n\n<details class=\"wp-block-details is-layout-flow wp-block-details-is-layout-flow\"><summary>8. Procesos de contrataci\u00f3n publica<\/summary>\n<p><\/p>\n<\/details>\n\n\n\n<details class=\"wp-block-details is-layout-flow wp-block-details-is-layout-flow\"><summary>9. Listado de empresas y personas que han incumplido contratos<\/summary>\n<p><\/p>\n<\/details>\n\n\n\n<details class=\"wp-block-details is-layout-flow wp-block-details-is-layout-flow\"><summary>10. Planes y programas<\/summary>\n<p><\/p>\n<\/details>\n\n\n\n<details class=\"wp-block-details is-layout-flow wp-block-details-is-layout-flow\"><summary>11. Contratos de cr\u00e9dito externos o internos<\/summary>\n<p><\/p>\n\n\n\n<div class=\"wp-block-file\"><a id=\"wp-block-file--media-850a5438-22bd-45b3-b477-07d8f24fa3c2\" href=\"http:\/\/web.emmapep.gob.ec\/sitioweb\/wp-content\/uploads\/2025\/02\/conjunto-de-datos-1-2.csv\">conjunto de datos<\/a><a href=\"http:\/\/web.emmapep.gob.ec\/sitioweb\/wp-content\/uploads\/2025\/02\/conjunto-de-datos-1-2.csv\" class=\"wp-block-file__button wp-element-button\" download aria-describedby=\"wp-block-file--media-850a5438-22bd-45b3-b477-07d8f24fa3c2\">Descarga<\/a><\/div>\n\n\n\n<div class=\"wp-block-file\"><a id=\"wp-block-file--media-ff0a86a2-260f-4022-af70-e37c7422b4dd\" href=\"http:\/\/web.emmapep.gob.ec\/sitioweb\/wp-content\/uploads\/2025\/02\/metadatos-15.csv\">metadatos<\/a><a href=\"http:\/\/web.emmapep.gob.ec\/sitioweb\/wp-content\/uploads\/2025\/02\/metadatos-15.csv\" class=\"wp-block-file__button wp-element-button\" download aria-describedby=\"wp-block-file--media-ff0a86a2-260f-4022-af70-e37c7422b4dd\">Descarga<\/a><\/div>\n\n\n\n<div class=\"wp-block-file\"><a id=\"wp-block-file--media-80d7b393-847b-45b5-9ed2-8c7a0ad56dee\" href=\"http:\/\/web.emmapep.gob.ec\/sitioweb\/wp-content\/uploads\/2025\/02\/diccionario-2.csv\">diccionario<\/a><a href=\"http:\/\/web.emmapep.gob.ec\/sitioweb\/wp-content\/uploads\/2025\/02\/diccionario-2.csv\" class=\"wp-block-file__button wp-element-button\" download aria-describedby=\"wp-block-file--media-80d7b393-847b-45b5-9ed2-8c7a0ad56dee\">Descarga<\/a><\/div>\n<\/details>\n\n\n\n<details class=\"wp-block-details is-layout-flow wp-block-details-is-layout-flow\"><summary>12. Mecanismos rendici\u00f3n cuentas<\/summary>\n<p><\/p>\n<\/details>\n\n\n\n<details class=\"wp-block-details is-layout-flow wp-block-details-is-layout-flow\"><summary>13. Vi\u00e1ticos informes de trabajo y justificativos de movilizaci\u00f3n<\/summary>\n<p><\/p>\n\n\n\n<div class=\"wp-block-file\"><a id=\"wp-block-file--media-57a17f64-16b7-4fd1-8f97-0afc6a208d6f\" href=\"http:\/\/web.emmapep.gob.ec\/sitioweb\/wp-content\/uploads\/2025\/02\/conjunto-de-datos-1-3.csv\">conjunto de datos<\/a><a href=\"http:\/\/web.emmapep.gob.ec\/sitioweb\/wp-content\/uploads\/2025\/02\/conjunto-de-datos-1-3.csv\" class=\"wp-block-file__button wp-element-button\" download aria-describedby=\"wp-block-file--media-57a17f64-16b7-4fd1-8f97-0afc6a208d6f\">Descarga<\/a><\/div>\n\n\n\n<div class=\"wp-block-file\"><a id=\"wp-block-file--media-c958c104-4326-4172-be12-88ba511fdea2\" href=\"http:\/\/web.emmapep.gob.ec\/sitioweb\/wp-content\/uploads\/2025\/02\/metadatos-16.csv\">metadatos<\/a><a href=\"http:\/\/web.emmapep.gob.ec\/sitioweb\/wp-content\/uploads\/2025\/02\/metadatos-16.csv\" class=\"wp-block-file__button wp-element-button\" download aria-describedby=\"wp-block-file--media-c958c104-4326-4172-be12-88ba511fdea2\">Descarga<\/a><\/div>\n\n\n\n<div class=\"wp-block-file\"><a id=\"wp-block-file--media-313ecc00-0e81-4a4b-8c6a-da3b1dd037c8\" href=\"http:\/\/web.emmapep.gob.ec\/sitioweb\/wp-content\/uploads\/2025\/02\/diccionario-1-1.csv\">diccionario<\/a><a href=\"http:\/\/web.emmapep.gob.ec\/sitioweb\/wp-content\/uploads\/2025\/02\/diccionario-1-1.csv\" class=\"wp-block-file__button wp-element-button\" download aria-describedby=\"wp-block-file--media-313ecc00-0e81-4a4b-8c6a-da3b1dd037c8\">Descarga<\/a><\/div>\n<\/details>\n\n\n\n<details class=\"wp-block-details is-layout-flow wp-block-details-is-layout-flow\"><summary>14. Responsables del acceso de informaci\u00f3n publica<\/summary>\n<p><\/p>\n<\/details>\n\n\n\n<details class=\"wp-block-details is-layout-flow wp-block-details-is-layout-flow\"><summary>15. Texto \u00edntegro de los contratos colectivos vigentes y reformas<\/summary>\n<p><\/p>\n<\/details>\n\n\n\n<details class=\"wp-block-details is-layout-flow wp-block-details-is-layout-flow\"><summary>16. Listado \u00edndice formaci\u00f3n reservada<\/summary>\n<p><\/p>\n<\/details>\n\n\n\n<details class=\"wp-block-details is-layout-flow wp-block-details-is-layout-flow\"><summary>17. Detalle de las audiencias y reuniones de autoridades<\/summary>\n<p><\/p>\n<\/details>\n\n\n\n<details class=\"wp-block-details is-layout-flow wp-block-details-is-layout-flow\"><summary>18. Detalle de convenios nacionales e internacionales<\/summary>\n<p><\/p>\n\n\n\n<div class=\"wp-block-file\"><a id=\"wp-block-file--media-9fc90fa2-14a3-41a0-89a8-1dc4cd8a4042\" href=\"http:\/\/web.emmapep.gob.ec\/sitioweb\/wp-content\/uploads\/2025\/02\/Conjunto-de-datoss-1.csv\">Conjunto de datoss<\/a><a href=\"http:\/\/web.emmapep.gob.ec\/sitioweb\/wp-content\/uploads\/2025\/02\/Conjunto-de-datoss-1.csv\" class=\"wp-block-file__button wp-element-button\" download aria-describedby=\"wp-block-file--media-9fc90fa2-14a3-41a0-89a8-1dc4cd8a4042\">Descarga<\/a><\/div>\n\n\n\n<div class=\"wp-block-file\"><a id=\"wp-block-file--media-017b00fb-56a9-4bc9-8037-4fbc3226908e\" href=\"http:\/\/web.emmapep.gob.ec\/sitioweb\/wp-content\/uploads\/2025\/02\/metadatos-7.csv\">metadatos<\/a><a href=\"http:\/\/web.emmapep.gob.ec\/sitioweb\/wp-content\/uploads\/2025\/02\/metadatos-7.csv\" class=\"wp-block-file__button wp-element-button\" download aria-describedby=\"wp-block-file--media-017b00fb-56a9-4bc9-8037-4fbc3226908e\">Descarga<\/a><\/div>\n\n\n\n<div class=\"wp-block-file\"><a id=\"wp-block-file--media-541c15c8-3738-4885-8f08-a56a5e165767\" href=\"http:\/\/web.emmapep.gob.ec\/sitioweb\/wp-content\/uploads\/2025\/02\/Diccionarioo-2.csv\">Diccionarioo<\/a><a href=\"http:\/\/web.emmapep.gob.ec\/sitioweb\/wp-content\/uploads\/2025\/02\/Diccionarioo-2.csv\" class=\"wp-block-file__button wp-element-button\" download aria-describedby=\"wp-block-file--media-541c15c8-3738-4885-8f08-a56a5e165767\">Descarga<\/a><\/div>\n<\/details>\n\n\n\n<details class=\"wp-block-details is-layout-flow wp-block-details-is-layout-flow\"><summary>19. Detalle donativos oficiales y protocolares<\/summary>\n<p><\/p>\n\n\n\n<div class=\"wp-block-file\"><a id=\"wp-block-file--media-a1c51f78-7d79-4944-ab75-59be79c3de7a\" href=\"http:\/\/web.emmapep.gob.ec\/sitioweb\/wp-content\/uploads\/2025\/02\/Conjunto-de-datosss-1.csv\">Conjunto de datosss<\/a><a href=\"http:\/\/web.emmapep.gob.ec\/sitioweb\/wp-content\/uploads\/2025\/02\/Conjunto-de-datosss-1.csv\" class=\"wp-block-file__button wp-element-button\" download aria-describedby=\"wp-block-file--media-a1c51f78-7d79-4944-ab75-59be79c3de7a\">Descarga<\/a><\/div>\n\n\n\n<div class=\"wp-block-file\"><a id=\"wp-block-file--media-dc963abe-6b5b-4dc9-8692-41b33d6146aa\" href=\"http:\/\/web.emmapep.gob.ec\/sitioweb\/wp-content\/uploads\/2025\/02\/Metadatoss-1.csv\">Metadatoss<\/a><a href=\"http:\/\/web.emmapep.gob.ec\/sitioweb\/wp-content\/uploads\/2025\/02\/Metadatoss-1.csv\" class=\"wp-block-file__button wp-element-button\" download aria-describedby=\"wp-block-file--media-dc963abe-6b5b-4dc9-8692-41b33d6146aa\">Descarga<\/a><\/div>\n\n\n\n<div class=\"wp-block-file\"><a id=\"wp-block-file--media-a4eacb1e-344d-46f8-a0d4-5fbbfd9d7011\" href=\"http:\/\/web.emmapep.gob.ec\/sitioweb\/wp-content\/uploads\/2025\/02\/Diccionarioo-3.csv\">Diccionarioo<\/a><a href=\"http:\/\/web.emmapep.gob.ec\/sitioweb\/wp-content\/uploads\/2025\/02\/Diccionarioo-3.csv\" class=\"wp-block-file__button wp-element-button\" download aria-describedby=\"wp-block-file--media-a4eacb1e-344d-46f8-a0d4-5fbbfd9d7011\">Descarga<\/a><\/div>\n<\/details>\n\n\n\n<details class=\"wp-block-details is-layout-flow wp-block-details-is-layout-flow\"><summary>20. Registro de activos de informaci\u00f3n frecuente y complementaria<\/summary>\n<p><\/p>\n\n\n\n<div class=\"wp-block-file\"><a id=\"wp-block-file--media-3d89b387-1174-427e-84e6-65f508e86c1f\" href=\"http:\/\/web.emmapep.gob.ec\/sitioweb\/wp-content\/uploads\/2025\/02\/Conjunto-de-datos-1.csv\">Conjunto de datos<\/a><a href=\"http:\/\/web.emmapep.gob.ec\/sitioweb\/wp-content\/uploads\/2025\/02\/Conjunto-de-datos-1.csv\" class=\"wp-block-file__button wp-element-button\" download aria-describedby=\"wp-block-file--media-3d89b387-1174-427e-84e6-65f508e86c1f\">Descarga<\/a><\/div>\n\n\n\n<div class=\"wp-block-file\"><a id=\"wp-block-file--media-72b66f0e-3923-46f7-85d4-fa11aa044bb8\" href=\"http:\/\/web.emmapep.gob.ec\/sitioweb\/wp-content\/uploads\/2025\/02\/Metadatos-8.csv\">Metadatos<\/a><a href=\"http:\/\/web.emmapep.gob.ec\/sitioweb\/wp-content\/uploads\/2025\/02\/Metadatos-8.csv\" class=\"wp-block-file__button wp-element-button\" download aria-describedby=\"wp-block-file--media-72b66f0e-3923-46f7-85d4-fa11aa044bb8\">Descarga<\/a><\/div>\n\n\n\n<div class=\"wp-block-file\"><a id=\"wp-block-file--media-5da3f8d3-2c93-4f15-a465-c7eaa0778856\" href=\"http:\/\/web.emmapep.gob.ec\/sitioweb\/wp-content\/uploads\/2025\/02\/Diccionario-3.csv\">Diccionario<\/a><a href=\"http:\/\/web.emmapep.gob.ec\/sitioweb\/wp-content\/uploads\/2025\/02\/Diccionario-3.csv\" class=\"wp-block-file__button wp-element-button\" download aria-describedby=\"wp-block-file--media-5da3f8d3-2c93-4f15-a465-c7eaa0778856\">Descarga<\/a><\/div>\n<\/details>\n\n\n\n<details class=\"wp-block-details is-layout-flow wp-block-details-is-layout-flow\"><summary>21. Pol\u00edticas p\u00fablicas o informaci\u00f3n grupo espec\u00edfico<\/summary>\n<p><\/p>\n<\/details>\n\n\n\n<details class=\"wp-block-details is-layout-flow wp-block-details-is-layout-flow\"><summary>23. Detalle personas servidoras p\u00fablicas con acciones afirmativas<\/summary>\n<p><\/p>\n<\/details>\n\n\n\n<details class=\"wp-block-details is-layout-flow wp-block-details-is-layout-flow\"><summary>24. Informaci\u00f3n relevante para el ejercicio de derechos ODS<\/summary>\n<p><\/p>\n<\/details>\n\n\n\n<p><strong>Art\u00edculo 29<\/strong><\/p>\n\n\n\n<details class=\"wp-block-details is-layout-flow wp-block-details-is-layout-flow\"><summary>Art. 29 Informaci\u00f3n P\u00fablica de las Empresas Publicas<\/summary>\n<p><\/p>\n<\/details>\n\n\n\n<details class=\"wp-block-details is-layout-flow wp-block-details-is-layout-flow\"><summary>Art. 29.1 Informaci\u00f3n P\u00fablica<\/summary>\n<p><\/p>\n<\/details>\n\n\n\n<details class=\"wp-block-details is-layout-flow wp-block-details-is-layout-flow\"><summary>Art. 29.1 Informaci\u00f3n P\u00fablica<\/summary>\n<p><\/p>\n<\/details>\n\n\n\n<details class=\"wp-block-details is-layout-flow wp-block-details-is-layout-flow\"><summary>Transparencia Pasiva<\/summary>\n<p><\/p>\n<\/details>\n","protected":false},"excerpt":{"rendered":"<p>Art\u00edculo 19 Art\u00edculo 29<\/p>\n","protected":false},"author":1,"featured_media":0,"parent":0,"menu_order":0,"comment_status":"closed","ping_status":"closed","template":"","meta":{"_EventAllDay":false,"_EventTimezone":"","_EventStartDate":"","_EventEndDate":"","_EventStartDateUTC":"","_EventEndDateUTC":"","_EventShowMap":false,"_EventShowMapLink":false,"_EventURL":"","_EventCost":"","_EventCostDescription":"","_EventCurrencySymbol":"","_EventCurrencyCode":"","_EventCurrencyPosition":"","_EventDateTimeSeparator":"","_EventTimeRangeSeparator":"","_EventOrganizerID":[],"_EventVenueID":[],"_OrganizerEmail":"","_OrganizerPhone":"","_OrganizerWebsite":"","_VenueAddress":"","_VenueCity":"","_VenueCountry":"","_VenueProvince":"","_VenueState":"","_VenueZip":"","_VenuePhone":"","_VenueURL":"","_VenueStateProvince":"","_VenueLat":"","_VenueLng":"","_VenueShowMap":false,"_VenueShowMapLink":false,"footnotes":""},"class_list":["post-827","page","type-page","status-publish","hentry"],"_links":{"self":[{"href":"http:\/\/web.emmapep.gob.ec\/sitioweb\/wp-json\/wp\/v2\/pages\/827","targetHints":{"allow":["GET"]}}],"collection":[{"href":"http:\/\/web.emmapep.gob.ec\/sitioweb\/wp-json\/wp\/v2\/pages"}],"about":[{"href":"http:\/\/web.emmapep.gob.ec\/sitioweb\/wp-json\/wp\/v2\/types\/page"}],"author":[{"embeddable":true,"href":"http:\/\/web.emmapep.gob.ec\/sitioweb\/wp-json\/wp\/v2\/users\/1"}],"replies":[{"embeddable":true,"href":"http:\/\/web.emmapep.gob.ec\/sitioweb\/wp-json\/wp\/v2\/comments?post=827"}],"version-history":[{"count":13,"href":"http:\/\/web.emmapep.gob.ec\/sitioweb\/wp-json\/wp\/v2\/pages\/827\/revisions"}],"predecessor-version":[{"id":1267,"href":"http:\/\/web.emmapep.gob.ec\/sitioweb\/wp-json\/wp\/v2\/pages\/827\/revisions\/1267"}],"wp:attachment":[{"href":"http:\/\/web.emmapep.gob.ec\/sitioweb\/wp-json\/wp\/v2\/media?parent=827"}],"curies":[{"name":"wp","href":"https:\/\/api.w.org\/{rel}","templated":true}]}}