{"id":809,"date":"2024-10-14T16:47:21","date_gmt":"2024-10-14T21:47:21","guid":{"rendered":"http:\/\/web.emmapep.gob.ec\/sitioweb\/?page_id=809"},"modified":"2025-02-25T11:10:41","modified_gmt":"2025-02-25T16:10:41","slug":"octubre-2024","status":"publish","type":"page","link":"http:\/\/web.emmapep.gob.ec\/sitioweb\/octubre-2024\/","title":{"rendered":"OCTUBRE 2024"},"content":{"rendered":"\n<p><strong>Art\u00edculo 19<\/strong><\/p>\n\n\n\n<details class=\"wp-block-details is-layout-flow wp-block-details-is-layout-flow\"><summary>1.1 Estructura org\u00e1nica<\/summary>\n<p>Conjunto de datos<\/p>\n\n\n\n<div class=\"wp-block-file\"><a id=\"wp-block-file--media-685a06ec-26f2-4c58-a3d0-8cf6bfa21168\" href=\"http:\/\/web.emmapep.gob.ec\/sitioweb\/wp-content\/uploads\/2024\/11\/CONJUNTO-DE-DATOS-1-2.csv\" target=\"_blank\" rel=\"noreferrer noopener\">CONJUNTO-DE-DATOS-1-2<\/a><\/div>\n\n\n\n<p>Metadatos<\/p>\n\n\n\n<p>Diccionario de datos<\/p>\n<\/details>\n\n\n\n<details class=\"wp-block-details is-layout-flow wp-block-details-is-layout-flow\"><summary>1.2-1.3 Base Legal Regulaciones Procedimientos Internos<\/summary>\n<p><\/p>\n<\/details>\n\n\n\n<details class=\"wp-block-details is-layout-flow wp-block-details-is-layout-flow\"><summary>1.4 Metas y objetivos unidades<\/summary>\n<p><\/p>\n<\/details>\n\n\n\n<details class=\"wp-block-details is-layout-flow wp-block-details-is-layout-flow\"><summary>2.1-2.2 Directorio y distributivo personal de la entidad<\/summary>\n<p><\/p>\n<\/details>\n\n\n\n<details class=\"wp-block-details is-layout-flow wp-block-details-is-layout-flow\"><summary>3. Remuneraciones ingresos adicionales<\/summary>\n<p><\/p>\n<\/details>\n\n\n\n<details class=\"wp-block-details is-layout-flow wp-block-details-is-layout-flow\"><summary>4. Detalle licencia comisiones<\/summary>\n<p><\/p>\n<\/details>\n\n\n\n<details class=\"wp-block-details is-layout-flow wp-block-details-is-layout-flow\"><summary>5-22 Servicios -formularios-formatos-tr\u00e1mites<\/summary>\n<p><\/p>\n<\/details>\n\n\n\n<details class=\"wp-block-details is-layout-flow wp-block-details-is-layout-flow\"><summary>6. Presupuesto de la instituci\u00f3n<\/summary>\n<p><\/p>\n\n\n\n<div class=\"wp-block-file\"><a id=\"wp-block-file--media-a45dbb8d-47c5-4ff8-b6d2-1316b301c535\" href=\"http:\/\/web.emmapep.gob.ec\/sitioweb\/wp-content\/uploads\/2025\/02\/CONJUNTO-DE-DATOS-3.csv\">CONJUNTO DE DATOS<\/a><a href=\"http:\/\/web.emmapep.gob.ec\/sitioweb\/wp-content\/uploads\/2025\/02\/CONJUNTO-DE-DATOS-3.csv\" class=\"wp-block-file__button wp-element-button\" download aria-describedby=\"wp-block-file--media-a45dbb8d-47c5-4ff8-b6d2-1316b301c535\">Descarga<\/a><\/div>\n\n\n\n<div class=\"wp-block-file\"><a id=\"wp-block-file--media-98fad1c0-038c-457d-9061-dca0c7c5ab50\" href=\"http:\/\/web.emmapep.gob.ec\/sitioweb\/wp-content\/uploads\/2025\/02\/METADATOS-10.csv\">METADATOS<\/a><a href=\"http:\/\/web.emmapep.gob.ec\/sitioweb\/wp-content\/uploads\/2025\/02\/METADATOS-10.csv\" class=\"wp-block-file__button wp-element-button\" download aria-describedby=\"wp-block-file--media-98fad1c0-038c-457d-9061-dca0c7c5ab50\">Descarga<\/a><\/div>\n\n\n\n<div class=\"wp-block-file\"><a id=\"wp-block-file--media-35250a11-d643-43f6-9634-a237cca6d727\" href=\"http:\/\/web.emmapep.gob.ec\/sitioweb\/wp-content\/uploads\/2025\/02\/DICCIONARIO-5.csv\">DICCIONARIO<\/a><a href=\"http:\/\/web.emmapep.gob.ec\/sitioweb\/wp-content\/uploads\/2025\/02\/DICCIONARIO-5.csv\" class=\"wp-block-file__button wp-element-button\" download aria-describedby=\"wp-block-file--media-35250a11-d643-43f6-9634-a237cca6d727\">Descarga<\/a><\/div>\n<\/details>\n\n\n\n<details class=\"wp-block-details is-layout-flow wp-block-details-is-layout-flow\"><summary>7. Resultados de las auditor\u00edas internas y gubernamentales<\/summary>\n<p><\/p>\n\n\n\n<div class=\"wp-block-file\"><a id=\"wp-block-file--media-d8bfbf4d-6ba6-423f-ba5f-e1fe1c892a82\" href=\"http:\/\/web.emmapep.gob.ec\/sitioweb\/wp-content\/uploads\/2024\/12\/CONJUNTO-DE-DATOS-7-2.csv\" target=\"_blank\" rel=\"noreferrer noopener\">CONJUNTO-DE-DATOS-7<\/a><\/div>\n\n\n\n<div class=\"wp-block-file\"><a id=\"wp-block-file--media-54648a31-04bf-499b-a555-ea06e0a48e11\" href=\"http:\/\/web.emmapep.gob.ec\/sitioweb\/wp-content\/uploads\/2024\/12\/DICCIONARIO-7-2.csv\" target=\"_blank\" rel=\"noreferrer noopener\">DICCIONARIO-7<\/a><\/div>\n\n\n\n<div class=\"wp-block-file\"><a id=\"wp-block-file--media-3a53d059-513f-4d5b-8d84-075f0c599638\" href=\"http:\/\/web.emmapep.gob.ec\/sitioweb\/wp-content\/uploads\/2024\/12\/METADATOS-7-2.csv\" target=\"_blank\" rel=\"noreferrer noopener\">METADATOS-7<\/a><\/div>\n<\/details>\n\n\n\n<details class=\"wp-block-details is-layout-flow wp-block-details-is-layout-flow\"><summary>8. Procesos de contrataci\u00f3n publica<\/summary>\n<p><\/p>\n<\/details>\n\n\n\n<details class=\"wp-block-details is-layout-flow wp-block-details-is-layout-flow\"><summary>9. Listado de empresas y personas que han incumplido contratos<\/summary>\n<p><\/p>\n<\/details>\n\n\n\n<details class=\"wp-block-details is-layout-flow wp-block-details-is-layout-flow\"><summary>10. Planes y programas<\/summary>\n<p><\/p>\n<\/details>\n\n\n\n<details class=\"wp-block-details is-layout-flow wp-block-details-is-layout-flow\"><summary>11. Contratos de cr\u00e9dito externos o internos<\/summary>\n<p><\/p>\n\n\n\n<div class=\"wp-block-file\"><a id=\"wp-block-file--media-deb5ce5a-879b-4dc0-a9d1-156542646546\" href=\"http:\/\/web.emmapep.gob.ec\/sitioweb\/wp-content\/uploads\/2025\/02\/conjunto-de-datos-1-4.csv\">conjunto de datos<\/a><a href=\"http:\/\/web.emmapep.gob.ec\/sitioweb\/wp-content\/uploads\/2025\/02\/conjunto-de-datos-1-4.csv\" class=\"wp-block-file__button wp-element-button\" download aria-describedby=\"wp-block-file--media-deb5ce5a-879b-4dc0-a9d1-156542646546\">Descarga<\/a><\/div>\n\n\n\n<div class=\"wp-block-file\"><a id=\"wp-block-file--media-5f343509-369c-41e8-a276-84dda5c1c156\" href=\"http:\/\/web.emmapep.gob.ec\/sitioweb\/wp-content\/uploads\/2025\/02\/metadatos-11.csv\">metadatos<\/a><a href=\"http:\/\/web.emmapep.gob.ec\/sitioweb\/wp-content\/uploads\/2025\/02\/metadatos-11.csv\" class=\"wp-block-file__button wp-element-button\" download aria-describedby=\"wp-block-file--media-5f343509-369c-41e8-a276-84dda5c1c156\">Descarga<\/a><\/div>\n\n\n\n<div class=\"wp-block-file\"><a id=\"wp-block-file--media-f7b140de-a591-4bdb-baf2-61e235b7073d\" href=\"http:\/\/web.emmapep.gob.ec\/sitioweb\/wp-content\/uploads\/2025\/02\/diccionario-6.csv\">diccionario<\/a><a href=\"http:\/\/web.emmapep.gob.ec\/sitioweb\/wp-content\/uploads\/2025\/02\/diccionario-6.csv\" class=\"wp-block-file__button wp-element-button\" download aria-describedby=\"wp-block-file--media-f7b140de-a591-4bdb-baf2-61e235b7073d\">Descarga<\/a><\/div>\n<\/details>\n\n\n\n<details class=\"wp-block-details is-layout-flow wp-block-details-is-layout-flow\"><summary>12. Mecanismos rendici\u00f3n cuentas<\/summary>\n<p><\/p>\n<\/details>\n\n\n\n<details class=\"wp-block-details is-layout-flow wp-block-details-is-layout-flow\"><summary>13. Vi\u00e1ticos informes de trabajo y justificativos de movilizaci\u00f3n<\/summary>\n<p><\/p>\n\n\n\n<div class=\"wp-block-file\"><a id=\"wp-block-file--media-8ef0e459-d1e4-4691-8125-85cd9b375eb8\" href=\"http:\/\/web.emmapep.gob.ec\/sitioweb\/wp-content\/uploads\/2025\/02\/conjunto-de-datos-1-5.csv\">conjunto de datos<\/a><a href=\"http:\/\/web.emmapep.gob.ec\/sitioweb\/wp-content\/uploads\/2025\/02\/conjunto-de-datos-1-5.csv\" class=\"wp-block-file__button wp-element-button\" download aria-describedby=\"wp-block-file--media-8ef0e459-d1e4-4691-8125-85cd9b375eb8\">Descarga<\/a><\/div>\n\n\n\n<div class=\"wp-block-file\"><a id=\"wp-block-file--media-64b0a964-bb7d-4c59-a6a5-62299de3e58d\" href=\"http:\/\/web.emmapep.gob.ec\/sitioweb\/wp-content\/uploads\/2025\/02\/metadatos-12.csv\">metadatos<\/a><a href=\"http:\/\/web.emmapep.gob.ec\/sitioweb\/wp-content\/uploads\/2025\/02\/metadatos-12.csv\" class=\"wp-block-file__button wp-element-button\" download aria-describedby=\"wp-block-file--media-64b0a964-bb7d-4c59-a6a5-62299de3e58d\">Descarga<\/a><\/div>\n\n\n\n<div class=\"wp-block-file\"><a id=\"wp-block-file--media-a0f2d2e7-8e13-4565-880e-1c040e9bb9c6\" href=\"http:\/\/web.emmapep.gob.ec\/sitioweb\/wp-content\/uploads\/2025\/02\/diccionario-1-2.csv\">diccionario<\/a><a href=\"http:\/\/web.emmapep.gob.ec\/sitioweb\/wp-content\/uploads\/2025\/02\/diccionario-1-2.csv\" class=\"wp-block-file__button wp-element-button\" download aria-describedby=\"wp-block-file--media-a0f2d2e7-8e13-4565-880e-1c040e9bb9c6\">Descarga<\/a><\/div>\n<\/details>\n\n\n\n<details class=\"wp-block-details is-layout-flow wp-block-details-is-layout-flow\"><summary>14. Responsables del acceso de informaci\u00f3n publica<\/summary>\n<p><\/p>\n<\/details>\n\n\n\n<details class=\"wp-block-details is-layout-flow wp-block-details-is-layout-flow\"><summary>15. Texto \u00edntegro de los contratos colectivos vigentes y reformas<\/summary>\n<p><\/p>\n<\/details>\n\n\n\n<details class=\"wp-block-details is-layout-flow wp-block-details-is-layout-flow\"><summary>16. Listado \u00edndice formaci\u00f3n reservada<\/summary>\n<p><\/p>\n<\/details>\n\n\n\n<details class=\"wp-block-details is-layout-flow wp-block-details-is-layout-flow\"><summary>17. Detalle de las audiencias y reuniones de autoridades<\/summary>\n<p><\/p>\n<\/details>\n\n\n\n<details class=\"wp-block-details is-layout-flow wp-block-details-is-layout-flow\"><summary>18. Detalle de convenios nacionales e internacionales<\/summary>\n<p><\/p>\n\n\n\n<div class=\"wp-block-file\"><a id=\"wp-block-file--media-d880f283-859b-4aeb-84c2-5a33eb73587e\" href=\"http:\/\/web.emmapep.gob.ec\/sitioweb\/wp-content\/uploads\/2025\/02\/Conjunto-de-datoss-2.csv\">Conjunto de datoss<\/a><a href=\"http:\/\/web.emmapep.gob.ec\/sitioweb\/wp-content\/uploads\/2025\/02\/Conjunto-de-datoss-2.csv\" class=\"wp-block-file__button wp-element-button\" download aria-describedby=\"wp-block-file--media-d880f283-859b-4aeb-84c2-5a33eb73587e\">Descarga<\/a><\/div>\n\n\n\n<div class=\"wp-block-file\"><a id=\"wp-block-file--media-b4a2f95c-f255-4a65-8aa4-99070b95b6a8\" href=\"http:\/\/web.emmapep.gob.ec\/sitioweb\/wp-content\/uploads\/2025\/02\/metadatos-13.csv\">metadatos<\/a><a href=\"http:\/\/web.emmapep.gob.ec\/sitioweb\/wp-content\/uploads\/2025\/02\/metadatos-13.csv\" class=\"wp-block-file__button wp-element-button\" download aria-describedby=\"wp-block-file--media-b4a2f95c-f255-4a65-8aa4-99070b95b6a8\">Descarga<\/a><\/div>\n\n\n\n<div class=\"wp-block-file\"><a id=\"wp-block-file--media-bbeaa7c5-a19f-41af-806c-77fac13e263d\" href=\"http:\/\/web.emmapep.gob.ec\/sitioweb\/wp-content\/uploads\/2025\/02\/Diccionarioo-4.csv\">Diccionarioo<\/a><a href=\"http:\/\/web.emmapep.gob.ec\/sitioweb\/wp-content\/uploads\/2025\/02\/Diccionarioo-4.csv\" class=\"wp-block-file__button wp-element-button\" download aria-describedby=\"wp-block-file--media-bbeaa7c5-a19f-41af-806c-77fac13e263d\">Descarga<\/a><\/div>\n<\/details>\n\n\n\n<details class=\"wp-block-details is-layout-flow wp-block-details-is-layout-flow\"><summary>19. Detalle donativos oficiales y protocolares<\/summary>\n<p><\/p>\n\n\n\n<div class=\"wp-block-file\"><a id=\"wp-block-file--media-c40c36d3-1790-4c53-a99b-4baa2ad0214d\" href=\"http:\/\/web.emmapep.gob.ec\/sitioweb\/wp-content\/uploads\/2025\/02\/Conjunto-de-datosss-2.csv\">Conjunto de datosss<\/a><a href=\"http:\/\/web.emmapep.gob.ec\/sitioweb\/wp-content\/uploads\/2025\/02\/Conjunto-de-datosss-2.csv\" class=\"wp-block-file__button wp-element-button\" download aria-describedby=\"wp-block-file--media-c40c36d3-1790-4c53-a99b-4baa2ad0214d\">Descarga<\/a><\/div>\n\n\n\n<div class=\"wp-block-file\"><a id=\"wp-block-file--media-dea0075d-8910-460f-a6f4-fdd8d85ebd47\" href=\"http:\/\/web.emmapep.gob.ec\/sitioweb\/wp-content\/uploads\/2025\/02\/Metadatoss-2.csv\">Metadatoss<\/a><a href=\"http:\/\/web.emmapep.gob.ec\/sitioweb\/wp-content\/uploads\/2025\/02\/Metadatoss-2.csv\" class=\"wp-block-file__button wp-element-button\" download aria-describedby=\"wp-block-file--media-dea0075d-8910-460f-a6f4-fdd8d85ebd47\">Descarga<\/a><\/div>\n\n\n\n<div class=\"wp-block-file\"><a id=\"wp-block-file--media-bb33d3af-d800-4905-b36b-8658a9ef23ca\" href=\"http:\/\/web.emmapep.gob.ec\/sitioweb\/wp-content\/uploads\/2025\/02\/Diccionarioo-5.csv\">Diccionarioo<\/a><a href=\"http:\/\/web.emmapep.gob.ec\/sitioweb\/wp-content\/uploads\/2025\/02\/Diccionarioo-5.csv\" class=\"wp-block-file__button wp-element-button\" download aria-describedby=\"wp-block-file--media-bb33d3af-d800-4905-b36b-8658a9ef23ca\">Descarga<\/a><\/div>\n<\/details>\n\n\n\n<details class=\"wp-block-details is-layout-flow wp-block-details-is-layout-flow\"><summary>20. Registro de activos de informaci\u00f3n frecuente y complementaria<\/summary>\n<p><\/p>\n\n\n\n<div class=\"wp-block-file\"><a id=\"wp-block-file--media-44823434-b08e-49e5-89a8-bbf6574dc25c\" href=\"http:\/\/web.emmapep.gob.ec\/sitioweb\/wp-content\/uploads\/2025\/02\/Conjunto-de-datos-4.csv\">Conjunto de datos<\/a><a href=\"http:\/\/web.emmapep.gob.ec\/sitioweb\/wp-content\/uploads\/2025\/02\/Conjunto-de-datos-4.csv\" class=\"wp-block-file__button wp-element-button\" download aria-describedby=\"wp-block-file--media-44823434-b08e-49e5-89a8-bbf6574dc25c\">Descarga<\/a><\/div>\n\n\n\n<div class=\"wp-block-file\"><a id=\"wp-block-file--media-9ff6f315-2fa8-488d-9b0a-dcd7504f9313\" href=\"http:\/\/web.emmapep.gob.ec\/sitioweb\/wp-content\/uploads\/2025\/02\/Metadatos-14.csv\">Metadatos<\/a><a href=\"http:\/\/web.emmapep.gob.ec\/sitioweb\/wp-content\/uploads\/2025\/02\/Metadatos-14.csv\" class=\"wp-block-file__button wp-element-button\" download aria-describedby=\"wp-block-file--media-9ff6f315-2fa8-488d-9b0a-dcd7504f9313\">Descarga<\/a><\/div>\n\n\n\n<div class=\"wp-block-file\"><a id=\"wp-block-file--media-b84c6583-5fa7-44cf-9d79-da5030b1253f\" href=\"http:\/\/web.emmapep.gob.ec\/sitioweb\/wp-content\/uploads\/2025\/02\/Diccionario-7.csv\">Diccionario<\/a><a href=\"http:\/\/web.emmapep.gob.ec\/sitioweb\/wp-content\/uploads\/2025\/02\/Diccionario-7.csv\" class=\"wp-block-file__button wp-element-button\" download aria-describedby=\"wp-block-file--media-b84c6583-5fa7-44cf-9d79-da5030b1253f\">Descarga<\/a><\/div>\n<\/details>\n\n\n\n<details class=\"wp-block-details is-layout-flow wp-block-details-is-layout-flow\"><summary>21. Pol\u00edticas p\u00fablicas o informaci\u00f3n grupo espec\u00edfico<\/summary>\n<p><\/p>\n<\/details>\n\n\n\n<details class=\"wp-block-details is-layout-flow wp-block-details-is-layout-flow\"><summary>23. Detalle personas servidoras p\u00fablicas con acciones afirmativas<\/summary>\n<p><\/p>\n<\/details>\n\n\n\n<details class=\"wp-block-details is-layout-flow wp-block-details-is-layout-flow\"><summary>24. Informaci\u00f3n relevante para el ejercicio de derechos ODS<\/summary>\n<p><\/p>\n<\/details>\n\n\n\n<p><strong>Art\u00edculo 29<\/strong><\/p>\n\n\n\n<details class=\"wp-block-details is-layout-flow wp-block-details-is-layout-flow\"><summary>Art. 29 Informaci\u00f3n P\u00fablica de las Empresas Publicas<\/summary>\n<p><\/p>\n<\/details>\n\n\n\n<details class=\"wp-block-details is-layout-flow wp-block-details-is-layout-flow\"><summary>Art. 29.1 Informaci\u00f3n P\u00fablica<\/summary>\n<p><\/p>\n<\/details>\n\n\n\n<details class=\"wp-block-details is-layout-flow wp-block-details-is-layout-flow\"><summary>Art. 29.1 Informaci\u00f3n P\u00fablica<\/summary>\n<p><\/p>\n<\/details>\n\n\n\n<details class=\"wp-block-details is-layout-flow wp-block-details-is-layout-flow\"><summary>Transparencia Pasiva<\/summary>\n<p><\/p>\n<\/details>\n","protected":false},"excerpt":{"rendered":"<p>Art\u00edculo 19 Art\u00edculo 29<\/p>\n","protected":false},"author":1,"featured_media":0,"parent":0,"menu_order":0,"comment_status":"closed","ping_status":"closed","template":"","meta":{"_EventAllDay":false,"_EventTimezone":"","_EventStartDate":"","_EventEndDate":"","_EventStartDateUTC":"","_EventEndDateUTC":"","_EventShowMap":false,"_EventShowMapLink":false,"_EventURL":"","_EventCost":"","_EventCostDescription":"","_EventCurrencySymbol":"","_EventCurrencyCode":"","_EventCurrencyPosition":"","_EventDateTimeSeparator":"","_EventTimeRangeSeparator":"","_EventOrganizerID":[],"_EventVenueID":[],"_OrganizerEmail":"","_OrganizerPhone":"","_OrganizerWebsite":"","_VenueAddress":"","_VenueCity":"","_VenueCountry":"","_VenueProvince":"","_VenueState":"","_VenueZip":"","_VenuePhone":"","_VenueURL":"","_VenueStateProvince":"","_VenueLat":"","_VenueLng":"","_VenueShowMap":false,"_VenueShowMapLink":false,"footnotes":""},"class_list":["post-809","page","type-page","status-publish","hentry"],"_links":{"self":[{"href":"http:\/\/web.emmapep.gob.ec\/sitioweb\/wp-json\/wp\/v2\/pages\/809","targetHints":{"allow":["GET"]}}],"collection":[{"href":"http:\/\/web.emmapep.gob.ec\/sitioweb\/wp-json\/wp\/v2\/pages"}],"about":[{"href":"http:\/\/web.emmapep.gob.ec\/sitioweb\/wp-json\/wp\/v2\/types\/page"}],"author":[{"embeddable":true,"href":"http:\/\/web.emmapep.gob.ec\/sitioweb\/wp-json\/wp\/v2\/users\/1"}],"replies":[{"embeddable":true,"href":"http:\/\/web.emmapep.gob.ec\/sitioweb\/wp-json\/wp\/v2\/comments?post=809"}],"version-history":[{"count":7,"href":"http:\/\/web.emmapep.gob.ec\/sitioweb\/wp-json\/wp\/v2\/pages\/809\/revisions"}],"predecessor-version":[{"id":1260,"href":"http:\/\/web.emmapep.gob.ec\/sitioweb\/wp-json\/wp\/v2\/pages\/809\/revisions\/1260"}],"wp:attachment":[{"href":"http:\/\/web.emmapep.gob.ec\/sitioweb\/wp-json\/wp\/v2\/media?parent=809"}],"curies":[{"name":"wp","href":"https:\/\/api.w.org\/{rel}","templated":true}]}}