{"id":806,"date":"2024-10-14T16:45:45","date_gmt":"2024-10-14T21:45:45","guid":{"rendered":"http:\/\/web.emmapep.gob.ec\/sitioweb\/?page_id=806"},"modified":"2025-02-25T11:18:54","modified_gmt":"2025-02-25T16:18:54","slug":"septiembre-2024","status":"publish","type":"page","link":"http:\/\/web.emmapep.gob.ec\/sitioweb\/septiembre-2024\/","title":{"rendered":"SEPTIEMBRE 2024"},"content":{"rendered":"\n<p><strong>Art\u00edculo 19<\/strong><\/p>\n\n\n\n<details class=\"wp-block-details is-layout-flow wp-block-details-is-layout-flow\"><summary>1.1 Estructura org\u00e1nica<\/summary>\n<p>Conjunto de datos<\/p>\n\n\n\n<p>Metadatos<\/p>\n\n\n\n<p>Diccionario de datos<\/p>\n<\/details>\n\n\n\n<details class=\"wp-block-details is-layout-flow wp-block-details-is-layout-flow\"><summary>1.2-1.3 Base Legal Regulaciones Procedimientos Internos<\/summary>\n<p><\/p>\n<\/details>\n\n\n\n<details class=\"wp-block-details is-layout-flow wp-block-details-is-layout-flow\"><summary>1.4 Metas y objetivos unidades<\/summary>\n<p><\/p>\n<\/details>\n\n\n\n<details class=\"wp-block-details is-layout-flow wp-block-details-is-layout-flow\"><summary>2.1-2.2 Directorio y distributivo personal de la entidad<\/summary>\n<p><\/p>\n<\/details>\n\n\n\n<details class=\"wp-block-details is-layout-flow wp-block-details-is-layout-flow\"><summary>3. Remuneraciones ingresos adicionales<\/summary>\n<p><\/p>\n<\/details>\n\n\n\n<details class=\"wp-block-details is-layout-flow wp-block-details-is-layout-flow\"><summary>4. Detalle licencia comisiones<\/summary>\n<p><\/p>\n<\/details>\n\n\n\n<details class=\"wp-block-details is-layout-flow wp-block-details-is-layout-flow\"><summary>5-22 Servicios -formularios-formatos-tr\u00e1mites<\/summary>\n<p><\/p>\n<\/details>\n\n\n\n<details class=\"wp-block-details is-layout-flow wp-block-details-is-layout-flow\"><summary>6. Presupuesto de la instituci\u00f3n<\/summary>\n<p><\/p>\n<\/details>\n\n\n\n<details class=\"wp-block-details is-layout-flow wp-block-details-is-layout-flow\"><summary>7. Resultados de las auditor\u00edas internas y gubernamentales<\/summary>\n<p><\/p>\n\n\n\n<div class=\"wp-block-file\"><a id=\"wp-block-file--media-10e84378-4741-4d7b-bdce-2ea37af85d77\" href=\"http:\/\/web.emmapep.gob.ec\/sitioweb\/wp-content\/uploads\/2025\/02\/CONJUNTO-DE-DATOS-5.csv\">CONJUNTO DE DATOS<\/a><a href=\"http:\/\/web.emmapep.gob.ec\/sitioweb\/wp-content\/uploads\/2025\/02\/CONJUNTO-DE-DATOS-5.csv\" class=\"wp-block-file__button wp-element-button\" download aria-describedby=\"wp-block-file--media-10e84378-4741-4d7b-bdce-2ea37af85d77\">Descarga<\/a><\/div>\n\n\n\n<div class=\"wp-block-file\"><a id=\"wp-block-file--media-799f9b74-2fc1-4edc-841f-925bdc3a1ab1\" href=\"http:\/\/web.emmapep.gob.ec\/sitioweb\/wp-content\/uploads\/2025\/02\/METADATOS-17.csv\">METADATOS<\/a><a href=\"http:\/\/web.emmapep.gob.ec\/sitioweb\/wp-content\/uploads\/2025\/02\/METADATOS-17.csv\" class=\"wp-block-file__button wp-element-button\" download aria-describedby=\"wp-block-file--media-799f9b74-2fc1-4edc-841f-925bdc3a1ab1\">Descarga<\/a><\/div>\n\n\n\n<div class=\"wp-block-file\"><a id=\"wp-block-file--media-f80f1d3f-18cc-456a-b0ca-e96ffb56fc4d\" href=\"http:\/\/web.emmapep.gob.ec\/sitioweb\/wp-content\/uploads\/2025\/02\/DICCIONARIO-8.csv\">DICCIONARIO<\/a><a href=\"http:\/\/web.emmapep.gob.ec\/sitioweb\/wp-content\/uploads\/2025\/02\/DICCIONARIO-8.csv\" class=\"wp-block-file__button wp-element-button\" download aria-describedby=\"wp-block-file--media-f80f1d3f-18cc-456a-b0ca-e96ffb56fc4d\">Descarga<\/a><\/div>\n<\/details>\n\n\n\n<details class=\"wp-block-details is-layout-flow wp-block-details-is-layout-flow\"><summary>8. Procesos de contrataci\u00f3n publica<\/summary>\n<p><\/p>\n<\/details>\n\n\n\n<details class=\"wp-block-details is-layout-flow wp-block-details-is-layout-flow\"><summary>9. Listado de empresas y personas que han incumplido contratos<\/summary>\n<p><\/p>\n<\/details>\n\n\n\n<details class=\"wp-block-details is-layout-flow wp-block-details-is-layout-flow\"><summary>10. Planes y programas<\/summary>\n<p><\/p>\n<\/details>\n\n\n\n<details class=\"wp-block-details is-layout-flow wp-block-details-is-layout-flow\"><summary>11. Contratos de cr\u00e9dito externos o internos<\/summary>\n<p><\/p>\n<\/details>\n\n\n\n<details class=\"wp-block-details is-layout-flow wp-block-details-is-layout-flow\"><summary>12. Mecanismos rendici\u00f3n cuentas<\/summary>\n<p><\/p>\n<\/details>\n\n\n\n<details class=\"wp-block-details is-layout-flow wp-block-details-is-layout-flow\"><summary>13. Vi\u00e1ticos informes de trabajo y justificativos de movilizaci\u00f3n<\/summary>\n<p><\/p>\n<\/details>\n\n\n\n<details class=\"wp-block-details is-layout-flow wp-block-details-is-layout-flow\"><summary>14. Responsables del acceso de informaci\u00f3n publica<\/summary>\n<p><\/p>\n<\/details>\n\n\n\n<details class=\"wp-block-details is-layout-flow wp-block-details-is-layout-flow\"><summary>15. Texto \u00edntegro de los contratos colectivos vigentes y reformas<\/summary>\n<p><\/p>\n<\/details>\n\n\n\n<details class=\"wp-block-details is-layout-flow wp-block-details-is-layout-flow\"><summary>16. Listado \u00edndice formaci\u00f3n reservada<\/summary>\n<p><\/p>\n<\/details>\n\n\n\n<details class=\"wp-block-details is-layout-flow wp-block-details-is-layout-flow\"><summary>17. Detalle de las audiencias y reuniones de autoridades<\/summary>\n<p><\/p>\n<\/details>\n\n\n\n<details class=\"wp-block-details is-layout-flow wp-block-details-is-layout-flow\"><summary>18. Detalle de convenios nacionales e internacionales<\/summary>\n<p><\/p>\n<\/details>\n\n\n\n<details class=\"wp-block-details is-layout-flow wp-block-details-is-layout-flow\"><summary>19. Detalle donativos oficiales y protocolares<\/summary>\n<p><\/p>\n<\/details>\n\n\n\n<details class=\"wp-block-details is-layout-flow wp-block-details-is-layout-flow\"><summary>20. Registro de activos de informaci\u00f3n frecuente y complementaria<\/summary>\n<p><\/p>\n<\/details>\n\n\n\n<details class=\"wp-block-details is-layout-flow wp-block-details-is-layout-flow\"><summary>21. Pol\u00edticas p\u00fablicas o informaci\u00f3n grupo espec\u00edfico<\/summary>\n<p><\/p>\n<\/details>\n\n\n\n<details class=\"wp-block-details is-layout-flow wp-block-details-is-layout-flow\"><summary>23. Detalle personas servidoras p\u00fablicas con acciones afirmativas<\/summary>\n<p><\/p>\n<\/details>\n\n\n\n<details class=\"wp-block-details is-layout-flow wp-block-details-is-layout-flow\"><summary>24. Informaci\u00f3n relevante para el ejercicio de derechos ODS<\/summary>\n<p><\/p>\n<\/details>\n\n\n\n<p><strong>Art\u00edculo 29<\/strong><\/p>\n\n\n\n<details class=\"wp-block-details is-layout-flow wp-block-details-is-layout-flow\"><summary>Art. 29 Informaci\u00f3n P\u00fablica de las Empresas Publicas<\/summary>\n<p><\/p>\n<\/details>\n\n\n\n<details class=\"wp-block-details is-layout-flow wp-block-details-is-layout-flow\"><summary>Art. 29.1 Informaci\u00f3n P\u00fablica<\/summary>\n<p><\/p>\n<\/details>\n\n\n\n<details class=\"wp-block-details is-layout-flow wp-block-details-is-layout-flow\"><summary>Art. 29.1 Informaci\u00f3n P\u00fablica<\/summary>\n<p><\/p>\n<\/details>\n\n\n\n<details class=\"wp-block-details is-layout-flow wp-block-details-is-layout-flow\"><summary>Transparencia Pasiva<\/summary>\n<p><\/p>\n<\/details>\n","protected":false},"excerpt":{"rendered":"<p>Art\u00edculo 19 Art\u00edculo 29<\/p>\n","protected":false},"author":1,"featured_media":0,"parent":0,"menu_order":0,"comment_status":"closed","ping_status":"closed","template":"","meta":{"_EventAllDay":false,"_EventTimezone":"","_EventStartDate":"","_EventEndDate":"","_EventStartDateUTC":"","_EventEndDateUTC":"","_EventShowMap":false,"_EventShowMapLink":false,"_EventURL":"","_EventCost":"","_EventCostDescription":"","_EventCurrencySymbol":"","_EventCurrencyCode":"","_EventCurrencyPosition":"","_EventDateTimeSeparator":"","_EventTimeRangeSeparator":"","_EventOrganizerID":[],"_EventVenueID":[],"_OrganizerEmail":"","_OrganizerPhone":"","_OrganizerWebsite":"","_VenueAddress":"","_VenueCity":"","_VenueCountry":"","_VenueProvince":"","_VenueState":"","_VenueZip":"","_VenuePhone":"","_VenueURL":"","_VenueStateProvince":"","_VenueLat":"","_VenueLng":"","_VenueShowMap":false,"_VenueShowMapLink":false,"footnotes":""},"class_list":["post-806","page","type-page","status-publish","hentry"],"_links":{"self":[{"href":"http:\/\/web.emmapep.gob.ec\/sitioweb\/wp-json\/wp\/v2\/pages\/806","targetHints":{"allow":["GET"]}}],"collection":[{"href":"http:\/\/web.emmapep.gob.ec\/sitioweb\/wp-json\/wp\/v2\/pages"}],"about":[{"href":"http:\/\/web.emmapep.gob.ec\/sitioweb\/wp-json\/wp\/v2\/types\/page"}],"author":[{"embeddable":true,"href":"http:\/\/web.emmapep.gob.ec\/sitioweb\/wp-json\/wp\/v2\/users\/1"}],"replies":[{"embeddable":true,"href":"http:\/\/web.emmapep.gob.ec\/sitioweb\/wp-json\/wp\/v2\/comments?post=806"}],"version-history":[{"count":2,"href":"http:\/\/web.emmapep.gob.ec\/sitioweb\/wp-json\/wp\/v2\/pages\/806\/revisions"}],"predecessor-version":[{"id":1272,"href":"http:\/\/web.emmapep.gob.ec\/sitioweb\/wp-json\/wp\/v2\/pages\/806\/revisions\/1272"}],"wp:attachment":[{"href":"http:\/\/web.emmapep.gob.ec\/sitioweb\/wp-json\/wp\/v2\/media?parent=806"}],"curies":[{"name":"wp","href":"https:\/\/api.w.org\/{rel}","templated":true}]}}