{"id":56,"date":"2024-05-14T16:08:29","date_gmt":"2024-05-14T21:08:29","guid":{"rendered":"http:\/\/web.emmapep.gob.ec\/sitioweb\/?page_id=56"},"modified":"2025-06-05T10:36:11","modified_gmt":"2025-06-05T15:36:11","slug":"rendicion-de-cuentas-2023","status":"publish","type":"page","link":"http:\/\/web.emmapep.gob.ec\/sitioweb\/rendicion-de-cuentas-2023\/","title":{"rendered":"Rendici\u00f3n de Cuentas 2023"},"content":{"rendered":"\n<p><strong>FASE 1<\/strong><\/p>\n\n\n\n<details class=\"wp-block-details is-layout-flow wp-block-details-is-layout-flow\"><summary>Planificaci\u00f3n del proceso MARZO<\/summary>\n<p><\/p>\n\n\n\n<div class=\"wp-block-file\"><a id=\"wp-block-file--media-fbaba5b4-666e-407a-b44c-45d30f9aa54a\" href=\"http:\/\/web.emmapep.gob.ec\/sitioweb\/wp-content\/uploads\/2024\/06\/Roundcube-Webmail-notificacion-de-activacion-en-el-Sistema-Nacional-de-Rendicion-de-Cuentas.pdf\" target=\"_blank\" rel=\"noreferrer noopener\">REGISTRO DE LA INSTITUCI\u00d3N EN EL SISTEMA NACIONAL DE RENDICI\u00d3N DE CUENTAS PERIODO FISCAL 2023<\/a><\/div>\n<\/details>\n\n\n\n<p><strong>FASE 2<\/strong><\/p>\n\n\n\n<details class=\"wp-block-details is-layout-flow wp-block-details-is-layout-flow\"><summary>Evaluaci\u00f3n de la gesti\u00f3n ABRIL<\/summary>\n<p><a href=\"http:\/\/web.emmapep.gob.ec\/sitioweb\/wp-content\/uploads\/2024\/06\/EMMAPEP-RT-00005-2024-ULCR-SOLICITUD-De-Informacion-redicion-Cuentas-2023-signed.pdf\">EMMAPEP-RT-00005-2024-ULCR-SOLICITUD-De-Informacion-redicion-Cuentas-2023-signed<\/a><\/p>\n<\/details>\n\n\n\n<p>FASE 3<\/p>\n\n\n\n<details class=\"wp-block-details is-layout-flow wp-block-details-is-layout-flow\"><summary>Deliberaci\u00f3n p\u00fablica MAYO<\/summary>\n<div class=\"wp-block-file\"><a id=\"wp-block-file--media-302637b7-ee49-4159-bc42-0d234b7546c9\" href=\"http:\/\/web.emmapep.gob.ec\/sitioweb\/wp-content\/uploads\/2024\/05\/POST-META-CUADRADO-IMAGEN-DESTACADA.jpg\" target=\"_blank\" rel=\"noreferrer noopener\">INVITACI\u00d3 N A LA DELIBERACI\u00d3N P\u00daBLICA<\/a><\/div>\n\n\n\n<div class=\"wp-block-file\"><a id=\"wp-block-file--media-29754e10-9ae0-449b-b629-425d15ecd83c\" href=\"http:\/\/web.emmapep.gob.ec\/sitioweb\/wp-content\/uploads\/2024\/06\/RENDICION-DE-CUENTAS-2023-EMMAP-EP-signed.pdf\" target=\"_blank\" rel=\"noreferrer noopener\">INFORME DE RENDICION-DE-CUENTAS-2023-EMMAP-EP-signed<\/a><\/div>\n\n\n\n<div class=\"wp-block-file\"><a id=\"wp-block-file--media-29754e10-9ae0-449b-b629-425d15ecd83c\" href=\"http:\/\/web.emmapep.gob.ec\/sitioweb\/wp-content\/uploads\/2024\/06\/RC-EMMAPEP-PRESENTACION-2023.pdf\" target=\"_blank\" rel=\"noreferrer noopener\">PRESENTACION DEL INFORME DE RENDICION-DE-CUENTAS-2023-EMMAP-EP<\/a><\/div>\n\n\n\n<div class=\"wp-block-file\"><a id=\"wp-block-file--media-91eaaf47-572b-4fed-8fc3-ca1205a007c3\" href=\"http:\/\/web.emmapep.gob.ec\/sitioweb\/wp-content\/uploads\/2024\/06\/REGISTRO-DE-ASISTENCIA-2024.pdf\" target=\"_blank\" rel=\"noreferrer noopener\">REGISTRO-DE-ASISTENCIA-2024<\/a><\/div>\n\n\n\n<div class=\"wp-block-file\"><a id=\"wp-block-file--media-21c44eda-52c5-4ea5-99bf-34a23731bedb\" href=\"http:\/\/web.emmapep.gob.ec\/sitioweb\/wp-content\/uploads\/2024\/06\/REGISTRO-DE-ASISTENCIA-2024-2.pdf\" target=\"_blank\" rel=\"noreferrer noopener\">REGISTRO-DE-ASISTENCIA-2024-2<\/a><\/div>\n\n\n\n<figure class=\"wp-block-video\"><video controls src=\"http:\/\/web.emmapep.gob.ec\/sitioweb\/wp-content\/uploads\/2024\/06\/vieo%20Rendicion%20de%20Cuentas%202023.mp4\"><\/video><\/figure>\n<\/details>\n\n\n\n<p><strong>FASE 4<\/strong><\/p>\n\n\n\n<details class=\"wp-block-details is-layout-flow wp-block-details-is-layout-flow\"><summary>Entrega al CPCCS JUNIO<\/summary>\n<div class=\"wp-block-file\"><a id=\"wp-block-file--media-d542f54a-7a1b-4c70-9c35-d65d90b0dc7d\" href=\"http:\/\/web.emmapep.gob.ec\/sitioweb\/wp-content\/uploads\/2024\/06\/EMMAPEP-RT-00005-2024-ULCR-SOLICITUD-De-Informacion-redicion-Cuentas-2023-signed.pdf\" target=\"_blank\" rel=\"noreferrer noopener\">EMMAPEP-RT-00005-2024-ULCR-SOLICITUD-De-Informacion-redicion-Cuentas-2023-signed<\/a><\/div>\n\n\n\n<div class=\"wp-block-file\"><a id=\"wp-block-file--media-a87c8250-1426-4a69-9dd4-523a924c1845\" href=\"http:\/\/web.emmapep.gob.ec\/sitioweb\/wp-content\/uploads\/2024\/06\/RepResumenEgresosPN-2023.pdf\" target=\"_blank\" rel=\"noreferrer noopener\">RepResumenEgresosPN-2023<\/a><\/div>\n\n\n\n<div class=\"wp-block-file\"><a id=\"wp-block-file--media-74c1ccf6-a1a9-4c0c-96e6-6afae868fe17\" href=\"http:\/\/web.emmapep.gob.ec\/sitioweb\/wp-content\/uploads\/2024\/06\/RepEstSitFinan-2023.pdf\" target=\"_blank\" rel=\"noreferrer noopener\">RepEstSitFinan-2023<\/a><\/div>\n\n\n\n<div class=\"wp-block-file\"><a id=\"wp-block-file--media-5cbceafe-13be-4527-90a7-bcc8cfa68400\" href=\"http:\/\/web.emmapep.gob.ec\/sitioweb\/wp-content\/uploads\/2024\/06\/RUC-EMMAP-EP-2024.pdf\" target=\"_blank\" rel=\"noreferrer noopener\">RUC-EMMAP-EP-2024<\/a><\/div>\n\n\n\n<div class=\"wp-block-file\"><a id=\"wp-block-file--media-3422f01a-6aca-4010-b0fd-a6959ca693f4\" href=\"http:\/\/web.emmapep.gob.ec\/sitioweb\/wp-content\/uploads\/2024\/06\/Gmail-notificacion-de-Informe-de-Institucion-Finalizado-en-el-Sistema-Nacional-de-Rendicion-de-Cuentas.pdf\" target=\"_blank\" rel=\"noreferrer noopener\">Gmail-notificacion-de-Informe-de-Institucion-Finalizado-en-el-Sistema-Nacional-de-Rendicion-de-Cuentas<\/a><\/div>\n\n\n\n<div class=\"wp-block-file\"><a id=\"wp-block-file--media-763a273a-c001-4c74-b75b-916ac8407eda\" href=\"http:\/\/web.emmapep.gob.ec\/sitioweb\/wp-content\/uploads\/2024\/06\/INFORME-FINAL-DE-RENDICION-DE-CUENTAS-PERIODO-2023.pdf\" target=\"_blank\" rel=\"noreferrer noopener\">INFORME-FINAL-DE-RENDICION-DE-CUENTAS-PERIODO-2023<\/a><\/div>\n<\/details>\n\n\n\n<p><\/p>\n","protected":false},"excerpt":{"rendered":"<p>FASE 1 FASE 2 FASE 3 FASE 4<\/p>\n","protected":false},"author":1,"featured_media":0,"parent":0,"menu_order":0,"comment_status":"closed","ping_status":"closed","template":"","meta":{"_EventAllDay":false,"_EventTimezone":"","_EventStartDate":"","_EventEndDate":"","_EventStartDateUTC":"","_EventEndDateUTC":"","_EventShowMap":false,"_EventShowMapLink":false,"_EventURL":"","_EventCost":"","_EventCostDescription":"","_EventCurrencySymbol":"","_EventCurrencyCode":"","_EventCurrencyPosition":"","_EventDateTimeSeparator":"","_EventTimeRangeSeparator":"","_EventOrganizerID":[],"_EventVenueID":[],"_OrganizerEmail":"","_OrganizerPhone":"","_OrganizerWebsite":"","_VenueAddress":"","_VenueCity":"","_VenueCountry":"","_VenueProvince":"","_VenueState":"","_VenueZip":"","_VenuePhone":"","_VenueURL":"","_VenueStateProvince":"","_VenueLat":"","_VenueLng":"","_VenueShowMap":false,"_VenueShowMapLink":false,"footnotes":""},"class_list":["post-56","page","type-page","status-publish","hentry"],"_links":{"self":[{"href":"http:\/\/web.emmapep.gob.ec\/sitioweb\/wp-json\/wp\/v2\/pages\/56","targetHints":{"allow":["GET"]}}],"collection":[{"href":"http:\/\/web.emmapep.gob.ec\/sitioweb\/wp-json\/wp\/v2\/pages"}],"about":[{"href":"http:\/\/web.emmapep.gob.ec\/sitioweb\/wp-json\/wp\/v2\/types\/page"}],"author":[{"embeddable":true,"href":"http:\/\/web.emmapep.gob.ec\/sitioweb\/wp-json\/wp\/v2\/users\/1"}],"replies":[{"embeddable":true,"href":"http:\/\/web.emmapep.gob.ec\/sitioweb\/wp-json\/wp\/v2\/comments?post=56"}],"version-history":[{"count":24,"href":"http:\/\/web.emmapep.gob.ec\/sitioweb\/wp-json\/wp\/v2\/pages\/56\/revisions"}],"predecessor-version":[{"id":1571,"href":"http:\/\/web.emmapep.gob.ec\/sitioweb\/wp-json\/wp\/v2\/pages\/56\/revisions\/1571"}],"wp:attachment":[{"href":"http:\/\/web.emmapep.gob.ec\/sitioweb\/wp-json\/wp\/v2\/media?parent=56"}],"curies":[{"name":"wp","href":"https:\/\/api.w.org\/{rel}","templated":true}]}}