{"id":2251,"date":"2025-12-11T09:51:17","date_gmt":"2025-12-11T14:51:17","guid":{"rendered":"http:\/\/web.emmapep.gob.ec\/sitioweb\/?page_id=2251"},"modified":"2025-12-11T09:51:18","modified_gmt":"2025-12-11T14:51:18","slug":"febrero-2025","status":"publish","type":"page","link":"http:\/\/web.emmapep.gob.ec\/sitioweb\/febrero-2025\/","title":{"rendered":"FEBRERO 2025"},"content":{"rendered":"\n<p><strong>Art\u00edculo 19<\/strong><\/p>\n\n\n\n<details class=\"wp-block-details is-layout-flow wp-block-details-is-layout-flow\"><summary>1.1 Estructura org\u00e1nica<\/summary>\n<p>Conjunto de datos<\/p>\n\n\n\n<p>Metadatos<\/p>\n\n\n\n<p>Diccionario de datos<\/p>\n<\/details>\n\n\n\n<details class=\"wp-block-details is-layout-flow wp-block-details-is-layout-flow\"><summary>1.2-1.3 Base Legal Regulaciones Procedimientos Internos<\/summary>\n<p><\/p>\n<\/details>\n\n\n\n<details class=\"wp-block-details is-layout-flow wp-block-details-is-layout-flow\"><summary>1.4 Metas y objetivos unidades<\/summary>\n<p><\/p>\n<\/details>\n\n\n\n<details class=\"wp-block-details is-layout-flow wp-block-details-is-layout-flow\"><summary>2.1-2.2 Directorio y distributivo personal de la entidad<\/summary>\n<p><\/p>\n<\/details>\n\n\n\n<details class=\"wp-block-details is-layout-flow wp-block-details-is-layout-flow\"><summary>3. Remuneraciones ingresos adicionales<\/summary>\n<p><\/p>\n<\/details>\n\n\n\n<details class=\"wp-block-details is-layout-flow wp-block-details-is-layout-flow\"><summary>4. Detalle licencia comisiones<\/summary>\n<p><\/p>\n<\/details>\n\n\n\n<details class=\"wp-block-details is-layout-flow wp-block-details-is-layout-flow\"><summary>5-22 Servicios -formularios-formatos-tr\u00e1mites<\/summary>\n<p><\/p>\n<\/details>\n\n\n\n<details class=\"wp-block-details is-layout-flow wp-block-details-is-layout-flow\"><summary>6. Presupuesto de la instituci\u00f3n<\/summary>\n<p><\/p>\n\n\n\n<div class=\"wp-block-file\"><a id=\"wp-block-file--media-977c6fa9-f98c-4a96-936e-9019880055cf\" href=\"http:\/\/web.emmapep.gob.ec\/sitioweb\/wp-content\/uploads\/2025\/02\/CONJUNTO-DE-DATOS-11.csv\">CONJUNTO DE DATOS 11<\/a><a href=\"http:\/\/web.emmapep.gob.ec\/sitioweb\/wp-content\/uploads\/2025\/02\/CONJUNTO-DE-DATOS-11.csv\" class=\"wp-block-file__button wp-element-button\" download aria-describedby=\"wp-block-file--media-977c6fa9-f98c-4a96-936e-9019880055cf\">Descarga<\/a><\/div>\n\n\n\n<div class=\"wp-block-file\"><a id=\"wp-block-file--media-dc1822d1-a364-4b75-9f9d-ad6d3c3dec27\" href=\"http:\/\/web.emmapep.gob.ec\/sitioweb\/wp-content\/uploads\/2025\/02\/METADATOS-PRESUPUESTO-11.csv\">METADATOS PRESUPUESTO 11<\/a><a href=\"http:\/\/web.emmapep.gob.ec\/sitioweb\/wp-content\/uploads\/2025\/02\/METADATOS-PRESUPUESTO-11.csv\" class=\"wp-block-file__button wp-element-button\" download aria-describedby=\"wp-block-file--media-dc1822d1-a364-4b75-9f9d-ad6d3c3dec27\">Descarga<\/a><\/div>\n\n\n\n<div class=\"wp-block-file\"><a id=\"wp-block-file--media-474c2a64-6370-41f8-ae4e-53bbb6ed6235\" href=\"http:\/\/web.emmapep.gob.ec\/sitioweb\/wp-content\/uploads\/2025\/02\/DICCIONARIO-11.csv\">DICCIONARIO 11<\/a><a href=\"http:\/\/web.emmapep.gob.ec\/sitioweb\/wp-content\/uploads\/2025\/02\/DICCIONARIO-11.csv\" class=\"wp-block-file__button wp-element-button\" download aria-describedby=\"wp-block-file--media-474c2a64-6370-41f8-ae4e-53bbb6ed6235\">Descarga<\/a><\/div>\n<\/details>\n\n\n\n<details class=\"wp-block-details is-layout-flow wp-block-details-is-layout-flow\"><summary>7. Resultados de las auditor\u00edas internas y gubernamentales<\/summary>\n<div class=\"wp-block-file\"><a id=\"wp-block-file--media-0cc3f183-f193-425f-866d-4e8ed78524bf\" href=\"http:\/\/web.emmapep.gob.ec\/sitioweb\/wp-content\/uploads\/2024\/12\/CONJUNTO-DE-DATOS-7-1.csv\" target=\"_blank\" rel=\"noreferrer noopener\">CONJUNTO-DE-DATOS-7<\/a><\/div>\n\n\n\n<div class=\"wp-block-file\"><a id=\"wp-block-file--media-6e8879ee-d59f-498c-8e26-678c4515be4b\" href=\"http:\/\/web.emmapep.gob.ec\/sitioweb\/wp-content\/uploads\/2024\/12\/DICCIONARIO-7-1.csv\" target=\"_blank\" rel=\"noreferrer noopener\">DICCIONARIO-7<\/a><\/div>\n\n\n\n<div class=\"wp-block-file\"><a id=\"wp-block-file--media-7984cccb-206d-4f87-89ae-1dd951b69131\" href=\"http:\/\/web.emmapep.gob.ec\/sitioweb\/wp-content\/uploads\/2024\/12\/METADATOS-7-1.csv\" target=\"_blank\" rel=\"noreferrer noopener\">METADATOS-7<\/a><\/div>\n<\/details>\n\n\n\n<details class=\"wp-block-details is-layout-flow wp-block-details-is-layout-flow\"><summary>8. Procesos de contrataci\u00f3n publica<\/summary>\n<p><\/p>\n<\/details>\n\n\n\n<details class=\"wp-block-details is-layout-flow wp-block-details-is-layout-flow\"><summary>9. Listado de empresas y personas que han incumplido contratos<\/summary>\n<p><\/p>\n<\/details>\n\n\n\n<details class=\"wp-block-details is-layout-flow wp-block-details-is-layout-flow\"><summary>10. Planes y programas<\/summary>\n<p><\/p>\n<\/details>\n\n\n\n<details class=\"wp-block-details is-layout-flow wp-block-details-is-layout-flow\"><summary>11. Contratos de cr\u00e9dito externos o internos<\/summary>\n<p><\/p>\n\n\n\n<div class=\"wp-block-file\"><a id=\"wp-block-file--media-aa63a9dd-4599-49bd-9095-ed86b1b31af9\" href=\"http:\/\/web.emmapep.gob.ec\/sitioweb\/wp-content\/uploads\/2025\/02\/conjunto-de-datos-.csv\">conjunto de datos<\/a><a href=\"http:\/\/web.emmapep.gob.ec\/sitioweb\/wp-content\/uploads\/2025\/02\/conjunto-de-datos-.csv\" class=\"wp-block-file__button wp-element-button\" download aria-describedby=\"wp-block-file--media-aa63a9dd-4599-49bd-9095-ed86b1b31af9\">Descarga<\/a><\/div>\n\n\n\n<div class=\"wp-block-file\"><a id=\"wp-block-file--media-2b7e08c0-8775-4bba-ae30-e7d7cc3a249b\" href=\"http:\/\/web.emmapep.gob.ec\/sitioweb\/wp-content\/uploads\/2025\/02\/metadatos.csv\">metadatos<\/a><a href=\"http:\/\/web.emmapep.gob.ec\/sitioweb\/wp-content\/uploads\/2025\/02\/metadatos.csv\" class=\"wp-block-file__button wp-element-button\" download aria-describedby=\"wp-block-file--media-2b7e08c0-8775-4bba-ae30-e7d7cc3a249b\">Descarga<\/a><\/div>\n\n\n\n<div class=\"wp-block-file\"><a id=\"wp-block-file--media-966b969a-cc0f-4fc4-bfe7-599aa915fc68\" href=\"http:\/\/web.emmapep.gob.ec\/sitioweb\/wp-content\/uploads\/2025\/02\/diccionario.csv\">diccionario<\/a><a href=\"http:\/\/web.emmapep.gob.ec\/sitioweb\/wp-content\/uploads\/2025\/02\/diccionario.csv\" class=\"wp-block-file__button wp-element-button\" download aria-describedby=\"wp-block-file--media-966b969a-cc0f-4fc4-bfe7-599aa915fc68\">Descarga<\/a><\/div>\n\n\n<\/details>\n\n\n\n<details class=\"wp-block-details is-layout-flow wp-block-details-is-layout-flow\"><summary>12. Mecanismos rendici\u00f3n cuentas<\/summary>\n<p><\/p>\n<\/details>\n\n\n\n<details class=\"wp-block-details is-layout-flow wp-block-details-is-layout-flow\"><summary>13. Vi\u00e1ticos informes de trabajo y justificativos de movilizaci\u00f3n<\/summary>\n<p><\/p>\n\n\n\n<div class=\"wp-block-file\"><a id=\"wp-block-file--media-78fbce06-b172-468c-a2c4-16c20b46aaba\" href=\"http:\/\/web.emmapep.gob.ec\/sitioweb\/wp-content\/uploads\/2025\/02\/conjunto-de-datos-1-1.csv\">conjunto de datos<\/a><a href=\"http:\/\/web.emmapep.gob.ec\/sitioweb\/wp-content\/uploads\/2025\/02\/conjunto-de-datos-1-1.csv\" class=\"wp-block-file__button wp-element-button\" download aria-describedby=\"wp-block-file--media-78fbce06-b172-468c-a2c4-16c20b46aaba\">Descarga<\/a><\/div>\n\n\n\n<div class=\"wp-block-file\"><a id=\"wp-block-file--media-6004e5f8-02ee-4bed-be03-966603b44d23\" href=\"http:\/\/web.emmapep.gob.ec\/sitioweb\/wp-content\/uploads\/2025\/02\/metadatos-1.csv\">metadatos<\/a><a href=\"http:\/\/web.emmapep.gob.ec\/sitioweb\/wp-content\/uploads\/2025\/02\/metadatos-1.csv\" class=\"wp-block-file__button wp-element-button\" download aria-describedby=\"wp-block-file--media-6004e5f8-02ee-4bed-be03-966603b44d23\">Descarga<\/a><\/div>\n\n\n\n<div class=\"wp-block-file\"><a id=\"wp-block-file--media-be750bce-6223-474b-8fde-e961fd984adb\" href=\"http:\/\/web.emmapep.gob.ec\/sitioweb\/wp-content\/uploads\/2025\/02\/diccionario-.csv\">diccionario<\/a><a href=\"http:\/\/web.emmapep.gob.ec\/sitioweb\/wp-content\/uploads\/2025\/02\/diccionario-.csv\" class=\"wp-block-file__button wp-element-button\" download aria-describedby=\"wp-block-file--media-be750bce-6223-474b-8fde-e961fd984adb\">Descarga<\/a><\/div>\n<\/details>\n\n\n\n<details class=\"wp-block-details is-layout-flow wp-block-details-is-layout-flow\"><summary>14. Responsables del acceso de informaci\u00f3n publica<\/summary>\n<p><\/p>\n<\/details>\n\n\n\n<details class=\"wp-block-details is-layout-flow wp-block-details-is-layout-flow\"><summary>15. Texto \u00edntegro de los contratos colectivos vigentes y reformas<\/summary>\n<p><\/p>\n<\/details>\n\n\n\n<details class=\"wp-block-details is-layout-flow wp-block-details-is-layout-flow\"><summary>16. Listado \u00edndice formaci\u00f3n reservada<\/summary>\n<p><\/p>\n<\/details>\n\n\n\n<details class=\"wp-block-details is-layout-flow wp-block-details-is-layout-flow\"><summary>17. Detalle de las audiencias y reuniones de autoridades<\/summary>\n<p><\/p>\n<\/details>\n\n\n\n<details class=\"wp-block-details is-layout-flow wp-block-details-is-layout-flow\"><summary>18. Detalle de convenios nacionales e internacionales<\/summary>\n<p><\/p>\n\n\n\n<div class=\"wp-block-file\"><a id=\"wp-block-file--media-e72f77c6-2aa3-4ed1-895a-b3d11b94b956\" href=\"http:\/\/web.emmapep.gob.ec\/sitioweb\/wp-content\/uploads\/2025\/02\/Conjunto-de-datoss.csv\">Conjunto de datoss<\/a><a href=\"http:\/\/web.emmapep.gob.ec\/sitioweb\/wp-content\/uploads\/2025\/02\/Conjunto-de-datoss.csv\" class=\"wp-block-file__button wp-element-button\" download aria-describedby=\"wp-block-file--media-e72f77c6-2aa3-4ed1-895a-b3d11b94b956\">Descarga<\/a><\/div>\n\n\n\n<div class=\"wp-block-file\"><a id=\"wp-block-file--media-6cb52c0c-aa35-4f01-8bb7-d1644e40a1f6\" href=\"http:\/\/web.emmapep.gob.ec\/sitioweb\/wp-content\/uploads\/2025\/02\/metadatos-3.csv\">metadatos<\/a><a href=\"http:\/\/web.emmapep.gob.ec\/sitioweb\/wp-content\/uploads\/2025\/02\/metadatos-3.csv\" class=\"wp-block-file__button wp-element-button\" download aria-describedby=\"wp-block-file--media-6cb52c0c-aa35-4f01-8bb7-d1644e40a1f6\">Descarga<\/a><\/div>\n\n\n\n<div class=\"wp-block-file\"><a id=\"wp-block-file--media-7a28364e-ee14-40a9-b52c-18f34722ba07\" href=\"http:\/\/web.emmapep.gob.ec\/sitioweb\/wp-content\/uploads\/2025\/02\/Diccionarioo.csv\">Diccionarioo<\/a><a href=\"http:\/\/web.emmapep.gob.ec\/sitioweb\/wp-content\/uploads\/2025\/02\/Diccionarioo.csv\" class=\"wp-block-file__button wp-element-button\" download aria-describedby=\"wp-block-file--media-7a28364e-ee14-40a9-b52c-18f34722ba07\">Descarga<\/a><\/div>\n<\/details>\n\n\n\n<details class=\"wp-block-details is-layout-flow wp-block-details-is-layout-flow\"><summary>19. Detalle donativos oficiales y protocolares<\/summary>\n<p><\/p>\n\n\n\n<div class=\"wp-block-file\"><a id=\"wp-block-file--media-c49b482b-0e69-41d8-852a-c6b46812044c\" href=\"http:\/\/web.emmapep.gob.ec\/sitioweb\/wp-content\/uploads\/2025\/02\/Conjunto-de-datosss.csv\">Conjunto de datosss<\/a><a href=\"http:\/\/web.emmapep.gob.ec\/sitioweb\/wp-content\/uploads\/2025\/02\/Conjunto-de-datosss.csv\" class=\"wp-block-file__button wp-element-button\" download aria-describedby=\"wp-block-file--media-c49b482b-0e69-41d8-852a-c6b46812044c\">Descarga<\/a><\/div>\n\n\n\n<div class=\"wp-block-file\"><a id=\"wp-block-file--media-40964653-0632-4965-b4a7-8aa963f80ebd\" href=\"http:\/\/web.emmapep.gob.ec\/sitioweb\/wp-content\/uploads\/2025\/02\/Metadatoss.csv\">Metadatoss<\/a><a href=\"http:\/\/web.emmapep.gob.ec\/sitioweb\/wp-content\/uploads\/2025\/02\/Metadatoss.csv\" class=\"wp-block-file__button wp-element-button\" download aria-describedby=\"wp-block-file--media-40964653-0632-4965-b4a7-8aa963f80ebd\">Descarga<\/a><\/div>\n\n\n\n<div class=\"wp-block-file\"><a id=\"wp-block-file--media-ee80bf56-7903-4acd-bf0b-335657f665a8\" href=\"http:\/\/web.emmapep.gob.ec\/sitioweb\/wp-content\/uploads\/2025\/02\/Diccionarioo-1.csv\">Diccionarioo<\/a><a href=\"http:\/\/web.emmapep.gob.ec\/sitioweb\/wp-content\/uploads\/2025\/02\/Diccionarioo-1.csv\" class=\"wp-block-file__button wp-element-button\" download aria-describedby=\"wp-block-file--media-ee80bf56-7903-4acd-bf0b-335657f665a8\">Descarga<\/a><\/div>\n<\/details>\n\n\n\n<details class=\"wp-block-details is-layout-flow wp-block-details-is-layout-flow\"><summary>20. Registro de activos de informaci\u00f3n frecuente y complementaria<\/summary>\n<p><\/p>\n\n\n\n<div class=\"wp-block-file\"><a id=\"wp-block-file--media-820f2e78-56a6-418f-8b87-067a43710afa\" href=\"http:\/\/web.emmapep.gob.ec\/sitioweb\/wp-content\/uploads\/2025\/02\/Conjunto-de-datos.csv\">Conjunto de datos<\/a><a href=\"http:\/\/web.emmapep.gob.ec\/sitioweb\/wp-content\/uploads\/2025\/02\/Conjunto-de-datos.csv\" class=\"wp-block-file__button wp-element-button\" download aria-describedby=\"wp-block-file--media-820f2e78-56a6-418f-8b87-067a43710afa\">Descarga<\/a><\/div>\n\n\n\n<div class=\"wp-block-file\"><a id=\"wp-block-file--media-29854cc0-4914-4354-bbe8-f10b7c1eb073\" href=\"http:\/\/web.emmapep.gob.ec\/sitioweb\/wp-content\/uploads\/2025\/02\/Metadatos-4.csv\">Metadatos<\/a><a href=\"http:\/\/web.emmapep.gob.ec\/sitioweb\/wp-content\/uploads\/2025\/02\/Metadatos-4.csv\" class=\"wp-block-file__button wp-element-button\" download aria-describedby=\"wp-block-file--media-29854cc0-4914-4354-bbe8-f10b7c1eb073\">Descarga<\/a><\/div>\n\n\n\n<div class=\"wp-block-file\"><a id=\"wp-block-file--media-22a52033-9a18-4250-9157-2f8f554631ee\" href=\"http:\/\/web.emmapep.gob.ec\/sitioweb\/wp-content\/uploads\/2025\/02\/Diccionario-1.csv\">Diccionario<\/a><a href=\"http:\/\/web.emmapep.gob.ec\/sitioweb\/wp-content\/uploads\/2025\/02\/Diccionario-1.csv\" class=\"wp-block-file__button wp-element-button\" download aria-describedby=\"wp-block-file--media-22a52033-9a18-4250-9157-2f8f554631ee\">Descarga<\/a><\/div>\n<\/details>\n\n\n\n<details class=\"wp-block-details is-layout-flow wp-block-details-is-layout-flow\"><summary>21. Pol\u00edticas p\u00fablicas o informaci\u00f3n grupo espec\u00edfico<\/summary>\n<p><\/p>\n<\/details>\n\n\n\n<details class=\"wp-block-details is-layout-flow wp-block-details-is-layout-flow\"><summary>23. Detalle personas servidoras p\u00fablicas con acciones afirmativas<\/summary>\n<p><\/p>\n<\/details>\n\n\n\n<details class=\"wp-block-details is-layout-flow wp-block-details-is-layout-flow\"><summary>24. Informaci\u00f3n relevante para el ejercicio de derechos ODS<\/summary>\n<p><\/p>\n<\/details>\n\n\n\n<p><strong>Art\u00edculo 29<\/strong><\/p>\n\n\n\n<details class=\"wp-block-details is-layout-flow wp-block-details-is-layout-flow\"><summary>Art. 29 Informaci\u00f3n P\u00fablica de las Empresas Publicas<\/summary>\n<p><\/p>\n<\/details>\n\n\n\n<details class=\"wp-block-details is-layout-flow wp-block-details-is-layout-flow\"><summary>Art. 29.1 Informaci\u00f3n P\u00fablica<\/summary>\n<p><\/p>\n<\/details>\n\n\n\n<details class=\"wp-block-details is-layout-flow wp-block-details-is-layout-flow\"><summary>Art. 29.1 Informaci\u00f3n P\u00fablica<\/summary>\n<p><\/p>\n<\/details>\n\n\n\n<details class=\"wp-block-details is-layout-flow wp-block-details-is-layout-flow\"><summary>Transparencia Pasiva<\/summary>\n<p><\/p>\n<\/details>\n","protected":false},"excerpt":{"rendered":"<p>Art\u00edculo 19 Art\u00edculo 29<\/p>\n","protected":false},"author":1,"featured_media":0,"parent":0,"menu_order":0,"comment_status":"closed","ping_status":"closed","template":"","meta":{"_EventAllDay":false,"_EventTimezone":"","_EventStartDate":"","_EventEndDate":"","_EventStartDateUTC":"","_EventEndDateUTC":"","_EventShowMap":false,"_EventShowMapLink":false,"_EventURL":"","_EventCost":"","_EventCostDescription":"","_EventCurrencySymbol":"","_EventCurrencyCode":"","_EventCurrencyPosition":"","_EventDateTimeSeparator":"","_EventTimeRangeSeparator":"","_EventOrganizerID":[],"_EventVenueID":[],"_OrganizerEmail":"","_OrganizerPhone":"","_OrganizerWebsite":"","_VenueAddress":"","_VenueCity":"","_VenueCountry":"","_VenueProvince":"","_VenueState":"","_VenueZip":"","_VenuePhone":"","_VenueURL":"","_VenueStateProvince":"","_VenueLat":"","_VenueLng":"","_VenueShowMap":false,"_VenueShowMapLink":false,"footnotes":""},"class_list":["post-2251","page","type-page","status-publish","hentry"],"_links":{"self":[{"href":"http:\/\/web.emmapep.gob.ec\/sitioweb\/wp-json\/wp\/v2\/pages\/2251","targetHints":{"allow":["GET"]}}],"collection":[{"href":"http:\/\/web.emmapep.gob.ec\/sitioweb\/wp-json\/wp\/v2\/pages"}],"about":[{"href":"http:\/\/web.emmapep.gob.ec\/sitioweb\/wp-json\/wp\/v2\/types\/page"}],"author":[{"embeddable":true,"href":"http:\/\/web.emmapep.gob.ec\/sitioweb\/wp-json\/wp\/v2\/users\/1"}],"replies":[{"embeddable":true,"href":"http:\/\/web.emmapep.gob.ec\/sitioweb\/wp-json\/wp\/v2\/comments?post=2251"}],"version-history":[{"count":1,"href":"http:\/\/web.emmapep.gob.ec\/sitioweb\/wp-json\/wp\/v2\/pages\/2251\/revisions"}],"predecessor-version":[{"id":2253,"href":"http:\/\/web.emmapep.gob.ec\/sitioweb\/wp-json\/wp\/v2\/pages\/2251\/revisions\/2253"}],"wp:attachment":[{"href":"http:\/\/web.emmapep.gob.ec\/sitioweb\/wp-json\/wp\/v2\/media?parent=2251"}],"curies":[{"name":"wp","href":"https:\/\/api.w.org\/{rel}","templated":true}]}}